{"id":286,"date":"2020-02-06T11:31:37","date_gmt":"2020-02-06T11:31:37","guid":{"rendered":"https:\/\/demosites.io\/vet-center-gb\/?page_id=286"},"modified":"2021-11-13T13:08:44","modified_gmt":"2021-11-13T13:08:44","slug":"a4e58-our-clinic","status":"publish","type":"page","link":"https:\/\/atapcanarias.com\/index.php\/a4e58-our-clinic\/","title":{"rendered":"Nuestros Servicios"},"content":{"rendered":"\n<div class=\"wp-block-themeisle-blocks-advanced-columns alignfull has-1-columns has-desktop-equal-layout has-tablet-equal-layout has-mobile-equal-layout has-nogap-gap has-vertical-flex-end\" id=\"wp-block-themeisle-blocks-advanced-columns-03129f0e\"><div class=\"wp-block-themeisle-blocks-advanced-columns-overlay\"><\/div><div class=\"innerblocks-wrap\">\n<div class=\"wp-block-themeisle-blocks-advanced-column\" id=\"wp-block-themeisle-blocks-advanced-column-77348abc\"><\/div>\n<\/div><\/div>\n\n\n\n<div class=\"wp-block-themeisle-blocks-advanced-columns alignfull has-2-columns has-desktop-equal-layout has-tablet-equal-layout has-mobile-collapsedRows-layout has-nogap-gap has-vertical-unset\" id=\"wp-block-themeisle-blocks-advanced-columns-d609cecc\"><div class=\"wp-block-themeisle-blocks-advanced-columns-overlay\"><\/div><div class=\"innerblocks-wrap\">\n<div class=\"wp-block-themeisle-blocks-advanced-column\" id=\"wp-block-themeisle-blocks-advanced-column-8c07a0f8\">\n<h1 class=\"has-white-color has-text-color\" id=\"nuestros-servicios\">Nuestros Servicios<\/h1>\n\n\n\n<p class=\"has-white-color has-text-color\">En ATAP Canarias sabemos c\u00f3mo se pueden aplicar las Terapias, Educaci\u00f3n o Actividades&nbsp;Asistidas con Perros para su caso en particular, su situaci\u00f3n o su centro.&nbsp;Conf\u00ede en nuestros especialistas,&nbsp;le asesoraremos.<\/p>\n\n\n\n<h2 class=\"has-white-color has-text-color\" id=\"nuestro-equipo-esta-formado-por\"><strong>Nuestro equipo est\u00e1 formado por:<\/strong><\/h2>\n\n\n\n<p class=\"has-white-color has-text-color\">Expertos y T\u00e9cnicos en Terapias y Educaci\u00f3n Asistida con Animales, perros de asistencia y educaci\u00f3n canina.<\/p>\n\n\n\n<p class=\"has-white-color has-text-color\">Personal propio y externo licenciados en Pedagog\u00eda y psicolog\u00eda, terapia Ocupacional, logopedia, trabajo social y expertos y t\u00e9cnicos, propios y externos, formados en ceguera, sordoceguera, sordera, disminuci\u00f3n ps\u00edquica, trastornos espec\u00edficos del lenguaje, trastornos generalizados del desarrollo, par\u00e1lisis cerebral, salud mental, enfermer\u00eda, fisioterapia\u2026<\/p>\n\n\n\n<p class=\"has-white-color has-text-color\">Perros coterapeutas educados formados para el trabajo en programas enfocados a personas mayores, disminuciones f\u00edsicas y ps\u00edquicas, salud mental, exclusi\u00f3n social, hospitalizaciones de larga estancia&#8230;<\/p>\n\n\n\n<p class=\"has-white-color has-text-color\">Educadoras caninas en m\u00e9todos libre de castigo formadas en diferentes \u00e1reas y para un amplio abanico de necesidades.<\/p>\n\n\n\n<p class=\"has-white-color has-text-color\">Equipo en constante evoluci\u00f3n tanto humana como animal, en funci\u00f3n de las necesidades demandadas.<\/p>\n<\/div>\n\n\n\n<div class=\"wp-block-themeisle-blocks-advanced-column\" id=\"wp-block-themeisle-blocks-advanced-column-463dbeaa\">\n<div class=\"wp-block-image is-style-default\"><figure class=\"aligncenter size-medium is-resized\"><img data-attachment-id=\"636\" data-permalink=\"https:\/\/atapcanarias.com\/logo-transparente-10o-aniversario-3\/\" data-orig-file=\"https:\/\/i1.wp.com\/atapcanarias.com\/wp-content\/uploads\/2021\/09\/LOGO-TRANSPARENTE-10o-ANIVERSARIO-edited-1.png?fit=1215%2C909&amp;ssl=1\" data-orig-size=\"1215,909\" data-comments-opened=\"1\" data-image-meta=\"{&quot;aperture&quot;:&quot;0&quot;,&quot;credit&quot;:&quot;&quot;,&quot;camera&quot;:&quot;&quot;,&quot;caption&quot;:&quot;&quot;,&quot;created_timestamp&quot;:&quot;0&quot;,&quot;copyright&quot;:&quot;&quot;,&quot;focal_length&quot;:&quot;0&quot;,&quot;iso&quot;:&quot;0&quot;,&quot;shutter_speed&quot;:&quot;0&quot;,&quot;title&quot;:&quot;&quot;,&quot;orientation&quot;:&quot;0&quot;}\" data-image-title=\"LOGO-TRANSPARENTE-10\u00ba-ANIVERSARIO\" data-image-description=\"&lt;p&gt;logotipo Atap&lt;\/p&gt;\n\" data-image-caption=\"\" data-medium-file=\"https:\/\/i1.wp.com\/atapcanarias.com\/wp-content\/uploads\/2021\/09\/LOGO-TRANSPARENTE-10o-ANIVERSARIO-edited-1.png?fit=300%2C224&amp;ssl=1\" data-large-file=\"https:\/\/i1.wp.com\/atapcanarias.com\/wp-content\/uploads\/2021\/09\/LOGO-TRANSPARENTE-10o-ANIVERSARIO-edited-1.png?fit=1024%2C766&amp;ssl=1\" loading=\"lazy\" src=\"https:\/\/i1.wp.com\/atapcanarias.com\/wp-content\/uploads\/2021\/09\/LOGO-TRANSPARENTE-10o-ANIVERSARIO-edited-1.png?resize=300%2C224&#038;ssl=1\" alt=\"logotipo Atap\" class=\"wp-image-636\" width=\"300\" height=\"224\" srcset=\"https:\/\/i1.wp.com\/atapcanarias.com\/wp-content\/uploads\/2021\/09\/LOGO-TRANSPARENTE-10o-ANIVERSARIO-edited-1.png?resize=300%2C224&amp;ssl=1 300w, https:\/\/i1.wp.com\/atapcanarias.com\/wp-content\/uploads\/2021\/09\/LOGO-TRANSPARENTE-10o-ANIVERSARIO-edited-1.png?resize=1024%2C766&amp;ssl=1 1024w, https:\/\/i1.wp.com\/atapcanarias.com\/wp-content\/uploads\/2021\/09\/LOGO-TRANSPARENTE-10o-ANIVERSARIO-edited-1.png?resize=768%2C575&amp;ssl=1 768w, https:\/\/i1.wp.com\/atapcanarias.com\/wp-content\/uploads\/2021\/09\/LOGO-TRANSPARENTE-10o-ANIVERSARIO-edited-1.png?w=1215&amp;ssl=1 1215w\" sizes=\"(max-width: 300px) 100vw, 300px\" data-recalc-dims=\"1\" \/><\/figure><\/div>\n\n\n\n<hr class=\"wp-block-separator has-text-color has-background\" style=\"background-color:#8ed1fc;color:#8ed1fc\"\/>\n\n\n\n<div class=\"wp-block-themeisle-blocks-advanced-columns has-3-columns has-desktop-equal-layout has-tablet-equal-layout has-mobile-collapsedRows-layout has-wide-gap has-vertical-unset\" id=\"wp-block-themeisle-blocks-advanced-columns-df1176a7\"><div class=\"wp-block-themeisle-blocks-advanced-columns-overlay\"><\/div><div class=\"innerblocks-wrap\">\n<div class=\"wp-block-themeisle-blocks-advanced-column\" id=\"wp-block-themeisle-blocks-advanced-column-5a928c6c\">\n<div class=\"wp-block-coblocks-icon has-text-align-center\"><div class=\"wp-block-coblocks-icon__inner has-text-color has-neve-link-color-color\" style=\"height:60px;width:60px\"><svg xmlns=\"http:\/\/www.w3.org\/2000\/svg\" viewbox=\"0 0 24 24\" role=\"img\" aria-hidden=\"true\"><path d=\"M0 0h24v24H0z\" fill=\"none\"><\/path><circle cx=\"12\" cy=\"4\" r=\"2\"><\/circle><path d=\"M19 13v-2c-1.54.02-3.09-.75-4.07-1.83l-1.29-1.43c-.17-.19-.38-.34-.61-.45-.01 0-.01-.01-.02-.01H13c-.35-.2-.75-.3-1.19-.26C10.76 7.11 10 8.04 10 9.09V15c0 1.1.9 2 2 2h5v5h2v-5.5c0-1.1-.9-2-2-2h-3v-3.45c1.29 1.07 3.25 1.94 5 1.95zm-6.17 5c-.41 1.16-1.52 2-2.83 2-1.66 0-3-1.34-3-3 0-1.31.84-2.41 2-2.83V12.1c-2.28.46-4 2.48-4 4.9 0 2.76 2.24 5 5 5 2.42 0 4.44-1.72 4.9-4h-2.07z\"><\/path><\/svg><\/div><\/div>\n\n\n\n<hr class=\"wp-block-separator\"\/>\n\n\n\n<div id=\"wp-block-themeisle-blocks-button-group-e3ee2340\" class=\"wp-block-themeisle-blocks-button-group wp-block-buttons align-center\">\n<div id=\"wp-block-themeisle-blocks-button-f67d8d6d\" class=\"wp-block-themeisle-blocks-button wp-block-button\"><a href=\"#wp-block-themeisle-blocks-advanced-columns-17ce43f1\" target=\"_self\" rel=\"noopener noreferrer\" class=\"wp-block-button__link\"><span>Intervenciones<\/span><\/a><\/div>\n<\/div>\n<\/div>\n\n\n\n<div class=\"wp-block-themeisle-blocks-advanced-column\" id=\"wp-block-themeisle-blocks-advanced-column-468bbd87\">\n<div class=\"wp-block-coblocks-icon has-text-align-center\"><div class=\"wp-block-coblocks-icon__inner has-text-color has-neve-link-color-color\" style=\"height:60px;width:60px\"><svg viewbox=\"0 0 20 20\" xmlns=\"http:\/\/www.w3.org\/2000\/svg\" role=\"img\" aria-hidden=\"true\"><path d=\"m4.63589015 9.40022032v3.64467918l6.37818865 3.4806687 6.3781886-3.4806687v-3.64467918l-6.3781886 3.48066868zm6.37818865-9.2757086-10.02286786 5.46701882 10.02286786 5.46701886 8.2005282-4.47384377v6.29618337h1.8223396v-7.28935846z\" transform=\"translate(-1 1.713379)\"><\/path><\/svg><\/div><\/div>\n\n\n\n<hr class=\"wp-block-separator\"\/>\n\n\n\n<div id=\"wp-block-themeisle-blocks-button-group-441f82c0\" class=\"wp-block-themeisle-blocks-button-group wp-block-buttons align-center\">\n<div id=\"wp-block-themeisle-blocks-button-a8dd29f5\" class=\"wp-block-themeisle-blocks-button wp-block-button\"><a href=\"#wp-block-themeisle-blocks-advanced-columns-8e5c19fd\" target=\"_self\" rel=\"noopener noreferrer\" class=\"wp-block-button__link\"><span><strong>educaci\u00f3n<\/strong><\/span><\/a><\/div>\n<\/div>\n<\/div>\n\n\n\n<div class=\"wp-block-themeisle-blocks-advanced-column\" id=\"wp-block-themeisle-blocks-advanced-column-7bacee93\">\n<div class=\"wp-block-coblocks-icon has-text-align-center\"><div class=\"wp-block-coblocks-icon__inner has-text-color has-neve-link-color-color\" style=\"height:60px;width:60px\"><svg xmlns=\"http:\/\/www.w3.org\/2000\/svg\" enablebackground=\"new 0 0 24 24\" viewbox=\"0 0 24 24\" role=\"img\" aria-hidden=\"true\"><g><rect fill=\"none\" height=\"24\" width=\"24\"><\/rect><\/g><g><g><\/g><g><path d=\"M21,5c-1.11-0.35-2.33-0.5-3.5-0.5c-1.95,0-4.05,0.4-5.5,1.5c-1.45-1.1-3.55-1.5-5.5-1.5S2.45,4.9,1,6v14.65 c0,0.25,0.25,0.5,0.5,0.5c0.1,0,0.15-0.05,0.25-0.05C3.1,20.45,5.05,20,6.5,20c1.95,0,4.05,0.4,5.5,1.5c1.35-0.85,3.8-1.5,5.5-1.5 c1.65,0,3.35,0.3,4.75,1.05c0.1,0.05,0.15,0.05,0.25,0.05c0.25,0,0.5-0.25,0.5-0.5V6C22.4,5.55,21.75,5.25,21,5z M21,18.5 c-1.1-0.35-2.3-0.5-3.5-0.5c-1.7,0-4.15,0.65-5.5,1.5V8c1.35-0.85,3.8-1.5,5.5-1.5c1.2,0,2.4,0.15,3.5,0.5V18.5z\"><\/path><g><path d=\"M17.5,10.5c0.88,0,1.73,0.09,2.5,0.26V9.24C19.21,9.09,18.36,9,17.5,9c-1.7,0-3.24,0.29-4.5,0.83v1.66 C14.13,10.85,15.7,10.5,17.5,10.5z\"><\/path><path d=\"M13,12.49v1.66c1.13-0.64,2.7-0.99,4.5-0.99c0.88,0,1.73,0.09,2.5,0.26V11.9c-0.79-0.15-1.64-0.24-2.5-0.24 C15.8,11.66,14.26,11.96,13,12.49z\"><\/path><path d=\"M17.5,14.33c-1.7,0-3.24,0.29-4.5,0.83v1.66c1.13-0.64,2.7-0.99,4.5-0.99c0.88,0,1.73,0.09,2.5,0.26v-1.52 C19.21,14.41,18.36,14.33,17.5,14.33z\"><\/path><\/g><\/g><\/g><\/svg><\/div><\/div>\n\n\n\n<hr class=\"wp-block-separator\"\/>\n\n\n\n<div id=\"wp-block-themeisle-blocks-button-group-8eb43dc0\" class=\"wp-block-themeisle-blocks-button-group wp-block-buttons align-center\">\n<div id=\"wp-block-themeisle-blocks-button-60b3b2ec\" class=\"wp-block-themeisle-blocks-button wp-block-button\"><a href=\"#wp-block-themeisle-blocks-advanced-columns-1a424993\" target=\"_self\" rel=\"noopener noreferrer\" class=\"wp-block-button__link\"><span><strong>formaci\u00f3n<\/strong><\/span><\/a><\/div>\n<\/div>\n<\/div>\n<\/div><\/div>\n<\/div>\n<\/div><\/div>\n\n\n\n<div class=\"wp-block-themeisle-blocks-advanced-columns alignfull has-2-columns has-desktop-equal-layout has-tablet-equal-layout has-mobile-collapsedRows-layout has-nogap-gap has-vertical-unset\" id=\"wp-block-themeisle-blocks-advanced-columns-17ce43f1\"><div class=\"wp-block-themeisle-blocks-advanced-columns-overlay\"><\/div><div class=\"innerblocks-wrap\">\n<div class=\"wp-block-themeisle-blocks-advanced-column\" id=\"wp-block-themeisle-blocks-advanced-column-150eaceb\">\n<h2 class=\"has-black-color has-text-color\" id=\"intervenciones-asistidas-con-perros\">Intervenciones Asistidas con Perros<\/h2>\n\n\n\n<p>Las intervenciones asistidas con perros son aquellas actividades desarrolladas en un marco donde interviene el animal para proporcionar a los usuarios beneficios terap\u00e9uticos, educativos, motivacionales y\/o recreativos.<\/p>\n\n\n\n<p>Se dirigen a diferentes sectores de la poblaci\u00f3n pudiendo ser individuales con una actuaci\u00f3n personalizada o grupales. Ambos casos puede ser tanto en nuestro centro como en el centro de los usuarios.<\/p>\n\n\n\n<p>Su prop\u00f3sito es el de fomentar la mejor\u00eda en el funcionamiento f\u00edsico, social, emocional y\/o cognitivo de los seres humanos. Estos procesos se documentan y eval\u00faan.<\/p>\n\n\n\n<p>Con nuestro equipo intervenimos, entre otras, en las siguientes \u00e1reas:<\/p>\n\n\n\n<p>&#8211; Cognitiva y conductual<\/p>\n\n\n\n<p>&#8211; Comunicaci\u00f3n y lenguaje<\/p>\n\n\n\n<p>&#8211; Aprendizajes curriculares<\/p>\n\n\n\n<p>&#8211; Habilidades sociales<\/p>\n\n\n\n<p>&#8211; Psicomotricidad<\/p>\n\n\n\n<p>&#8211; Autonom\u00eda personal \u2026.<\/p>\n<\/div>\n\n\n\n<div class=\"wp-block-themeisle-blocks-advanced-column\" id=\"wp-block-themeisle-blocks-advanced-column-9f247b3d\">\n<p><\/p>\n<\/div>\n<\/div><\/div>\n\n\n\n<div class=\"wp-block-themeisle-blocks-advanced-columns alignfull has-2-columns has-desktop-equal-layout has-tablet-equal-layout has-mobile-collapsedRows-layout has-nogap-gap has-vertical-unset\" id=\"wp-block-themeisle-blocks-advanced-columns-8e5c19fd\"><div class=\"wp-block-themeisle-blocks-advanced-columns-overlay\"><\/div><div class=\"innerblocks-wrap\">\n<div class=\"wp-block-themeisle-blocks-advanced-column\" id=\"wp-block-themeisle-blocks-advanced-column-071630bd\"><\/div>\n\n\n\n<div class=\"wp-block-themeisle-blocks-advanced-column\" id=\"wp-block-themeisle-blocks-advanced-column-a45f0e48\">\n<h2 class=\"has-black-color has-text-color\" id=\"educacion-canina\">Educaci\u00f3n Canina<\/h2>\n\n\n\n<p>El sistema de educaci\u00f3n con su perro consiste en un sistema libre de castigos y que ser\u00e1 el mismo que empleamos en educar a nuestros perros de terapia.<\/p>\n\n\n\n<p>La educaci\u00f3n del perro se hace en el su entorno habitual y con los due\u00f1os presentes.<\/p>\n\n\n\n<p>Tras una primera visita diagn\u00f3stica se env\u00eda un contrato por escrito que incluye la duraci\u00f3n del servicio, calendario de trabajo, resultados a obtener, n\u00famero de sesiones, un precio cerrado, condiciones del pago y garant\u00eda de devoluci\u00f3n del importe en caso de demostradas incapacidades del perro para el aprendizaje.<\/p>\n\n\n\n<p>&nbsp;Tras la finalizaci\u00f3n de las sesiones tiene la posibilidad de contratar un a\u00f1o de asesoramiento telef\u00f3nico y\/o visitas de refuerzo.<\/p>\n\n\n\n<p>Certificaci\u00f3n del animal por parte de Atap Canarias conforme el perro ha realizado la formaci\u00f3n.<\/p>\n<\/div>\n<\/div><\/div>\n\n\n\n<div class=\"wp-block-themeisle-blocks-advanced-columns alignfull has-2-columns has-desktop-equal-layout has-tablet-equal-layout has-mobile-collapsedRows-layout has-nogap-gap has-vertical-unset\" id=\"wp-block-themeisle-blocks-advanced-columns-1a424993\"><div class=\"wp-block-themeisle-blocks-advanced-columns-overlay\"><\/div><div class=\"innerblocks-wrap\">\n<div class=\"wp-block-themeisle-blocks-advanced-column\" id=\"wp-block-themeisle-blocks-advanced-column-d13bef10\">\n<h2 class=\"has-black-color has-text-color\" id=\"formacion\"><strong>Formaci\u00f3n<\/strong><\/h2>\n\n\n\n<p>No somos una academia por lo que nuestros cursos son muy pocos al a\u00f1o y altamente especializados.<\/p>\n\n\n\n<p>Nuestra formaci\u00f3n siempre es presencial en Gran Canaria o bien a trav\u00e9s de teleasistencia por videoconferencia.<\/p>\n\n\n\n<p>En nuestros cursos todas las horas te\u00f3rico-pr\u00e1cticas son impartidas directamente por profesionales en activo.<\/p>\n\n\n\n<p>Nuestra formaci\u00f3n siempre est\u00e1 directamente relacionada con los perros y\/o los colectivos de espacial vulnerabilidad<\/p>\n\n\n\n<p>Todos nuestros trabajadores han salido de nuestros cursos y si tienes dudas&#8230;. ll\u00e1manos al 600992050 o 928092494<\/p>\n<\/div>\n\n\n\n<div class=\"wp-block-themeisle-blocks-advanced-column\" id=\"wp-block-themeisle-blocks-advanced-column-f7f60efc\">\n<p><\/p>\n<\/div>\n<\/div><\/div>\n\n\n\n<div class=\"wp-block-themeisle-blocks-advanced-columns alignfull has-2-columns has-desktop-equal-layout has-tablet-equal-layout has-mobile-collapsedRows-layout has-default-gap has-vertical-unset\" id=\"wp-block-themeisle-blocks-advanced-columns-3560b19c\"><div class=\"wp-block-themeisle-blocks-advanced-columns-overlay\"><\/div><div class=\"innerblocks-wrap\">\n<div class=\"wp-block-themeisle-blocks-advanced-column\" id=\"wp-block-themeisle-blocks-advanced-column-13d4ba80\"><\/div>\n\n\n\n<div class=\"wp-block-themeisle-blocks-advanced-column\" id=\"wp-block-themeisle-blocks-advanced-column-eac49c69\">\n<h2 class=\"has-nv-light-bg-color has-neve-link-color-background-color has-text-color has-background\" id=\"contact\">\u00a1Cont\u00e1ctanos!<\/h2>\n\n\n<div class=\"wpforms-container wpforms-container-full\" id=\"wpforms-390\"><form id=\"wpforms-form-390\" class=\"wpforms-validate wpforms-form\" data-formid=\"390\" method=\"post\" enctype=\"multipart\/form-data\" action=\"\/index.php\/wp-json\/wp\/v2\/pages\/286\" data-token=\"a3eef15ecb54a4e0e128f2d76597fa55\"><noscript class=\"wpforms-error-noscript\">Por favor, activa JavaScript en tu navegador para completar este formulario.<\/noscript><div class=\"wpforms-field-container\"><div id=\"wpforms-390-field_0-container\" class=\"wpforms-field wpforms-field-name\" data-field-id=\"0\"><label class=\"wpforms-field-label\" for=\"wpforms-390-field_0\">Nombre <span class=\"wpforms-required-label\">*<\/span><\/label><div class=\"wpforms-field-row wpforms-field-medium\"><div class=\"wpforms-field-row-block wpforms-first wpforms-one-half\"><input type=\"text\" id=\"wpforms-390-field_0\" class=\"wpforms-field-name-first wpforms-field-required\" name=\"wpforms[fields][0][first]\" required><label for=\"wpforms-390-field_0\" class=\"wpforms-field-sublabel after \">Nombre<\/label><\/div><div class=\"wpforms-field-row-block wpforms-one-half\"><input type=\"text\" id=\"wpforms-390-field_0-last\" class=\"wpforms-field-name-last wpforms-field-required\" name=\"wpforms[fields][0][last]\" required><label for=\"wpforms-390-field_0-last\" class=\"wpforms-field-sublabel after \">Apellidos<\/label><\/div><\/div><\/div><div id=\"wpforms-390-field_1-container\" class=\"wpforms-field wpforms-field-email\" data-field-id=\"1\"><label class=\"wpforms-field-label\" for=\"wpforms-390-field_1\">Correo electr\u00f3nico <span class=\"wpforms-required-label\">*<\/span><\/label><input type=\"email\" id=\"wpforms-390-field_1\" class=\"wpforms-field-medium wpforms-field-required\" name=\"wpforms[fields][1]\" required><\/div><div id=\"wpforms-390-field_3-container\" class=\"wpforms-field wpforms-field-number\" data-field-id=\"3\"><label class=\"wpforms-field-label\" for=\"wpforms-390-field_3\">Tel\u00e9fono <span class=\"wpforms-required-label\">*<\/span><\/label><input type=\"number\" pattern=\"\\d*\" id=\"wpforms-390-field_3\" class=\"wpforms-field-medium wpforms-field-required\" name=\"wpforms[fields][3]\" required><\/div><div id=\"wpforms-390-field_2-container\" class=\"wpforms-field wpforms-field-textarea\" data-field-id=\"2\"><label class=\"wpforms-field-label\" for=\"wpforms-390-field_2\">Comentario o mensaje <span class=\"wpforms-required-label\">*<\/span><\/label><textarea id=\"wpforms-390-field_2\" class=\"wpforms-field-medium wpforms-field-required\" name=\"wpforms[fields][2]\" required><\/textarea><\/div><\/div><div class=\"wpforms-field wpforms-field-hp\"><label for=\"wpforms-390-field-hp\" class=\"wpforms-field-label\">Message<\/label><input type=\"text\" name=\"wpforms[hp]\" id=\"wpforms-390-field-hp\" class=\"wpforms-field-medium\"><\/div><div class=\"wpforms-recaptcha-container wpforms-is-recaptcha\"><div class=\"g-recaptcha\" data-sitekey=\"6Le2BsMZAAAAAPBlJ7XfIsL1QBAp_FK-z-2Fp_LX\" data-size=\"invisible\"><\/div><\/div><div class=\"wpforms-submit-container\"><input type=\"hidden\" name=\"wpforms[id]\" value=\"390\"><input type=\"hidden\" name=\"wpforms[author]\" value=\"1\"><button type=\"submit\" name=\"wpforms[submit]\" id=\"wpforms-submit-390\" class=\"wpforms-submit\" data-alt-text=\"Enviando...\" data-submit-text=\"Enviar\" aria-live=\"assertive\" value=\"wpforms-submit\">Enviar<\/button><\/div><\/form><\/div>  <!-- .wpforms-container --><\/div>\n<\/div><\/div>\n","protected":false},"excerpt":{"rendered":"","protected":false},"author":1,"featured_media":0,"parent":0,"menu_order":0,"comment_status":"closed","ping_status":"closed","template":"","meta":{"_coblocks_attr":"","_coblocks_dimensions":"","_coblocks_responsive_height":"","_coblocks_accordion_ie_support":"","neve_meta_sidebar":"full-width","neve_meta_container":"contained","neve_meta_enable_content_width":"on","neve_meta_content_width":100,"neve_meta_title_alignment":"","neve_meta_author_avatar":"","neve_post_elements_order":"","neve_meta_disable_header":"","neve_meta_disable_footer":"","neve_meta_disable_title":"on","_themeisle_gutenberg_block_has_review":false,"spay_email":""},"jetpack_sharing_enabled":true,"_links":{"self":[{"href":"https:\/\/atapcanarias.com\/index.php\/wp-json\/wp\/v2\/pages\/286"}],"collection":[{"href":"https:\/\/atapcanarias.com\/index.php\/wp-json\/wp\/v2\/pages"}],"about":[{"href":"https:\/\/atapcanarias.com\/index.php\/wp-json\/wp\/v2\/types\/page"}],"author":[{"embeddable":true,"href":"https:\/\/atapcanarias.com\/index.php\/wp-json\/wp\/v2\/users\/1"}],"replies":[{"embeddable":true,"href":"https:\/\/atapcanarias.com\/index.php\/wp-json\/wp\/v2\/comments?post=286"}],"version-history":[{"count":91,"href":"https:\/\/atapcanarias.com\/index.php\/wp-json\/wp\/v2\/pages\/286\/revisions"}],"predecessor-version":[{"id":1027,"href":"https:\/\/atapcanarias.com\/index.php\/wp-json\/wp\/v2\/pages\/286\/revisions\/1027"}],"wp:attachment":[{"href":"https:\/\/atapcanarias.com\/index.php\/wp-json\/wp\/v2\/media?parent=286"}],"curies":[{"name":"wp","href":"https:\/\/api.w.org\/{rel}","templated":true}]}}